{"id":604,"date":"2025-04-21T14:42:07","date_gmt":"2025-04-21T14:42:07","guid":{"rendered":"https:\/\/nadasdent.com\/?page_id=604"},"modified":"2025-05-14T13:16:49","modified_gmt":"2025-05-14T13:16:49","slug":"blog","status":"publish","type":"page","link":"https:\/\/nadasdent.com\/de\/blog\/","title":{"rendered":"Blog"},"content":{"rendered":"<div data-elementor-type=\"wp-page\" data-elementor-id=\"604\" class=\"elementor elementor-604\" data-elementor-post-type=\"page\">\n\t\t\t\t<div class=\"elementor-element elementor-element-9bd0782 e-flex e-con-boxed e-con e-parent\" data-id=\"9bd0782\" data-element_type=\"container\" data-e-type=\"container\" data-settings=\"{&quot;background_background&quot;:&quot;classic&quot;}\">\n\t\t\t\t\t<div class=\"e-con-inner\">\n\t\t\t\t<div class=\"elementor-element elementor-element-ee863f6 elementor-widget elementor-widget-heading\" data-id=\"ee863f6\" data-element_type=\"widget\" data-e-type=\"widget\" data-widget_type=\"heading.default\">\n\t\t\t\t<div class=\"elementor-widget-container\">\n\t\t\t\t\t<h1 class=\"elementor-heading-title elementor-size-default\">Blog<\/h1>\t\t\t\t<\/div>\n\t\t\t\t<\/div>\n\t\t\t\t<div class=\"elementor-element elementor-element-dee1b35 elementor-widget__width-initial elementor-widget elementor-widget-text-editor\" data-id=\"dee1b35\" data-element_type=\"widget\" data-e-type=\"widget\" data-widget_type=\"text-editor.default\">\n\t\t\t\t<div class=\"elementor-widget-container\">\n\t\t\t\t\t\t\t\t\t<p>Siehe unsere letzten Beitr\u00e4ge<\/p>\t\t\t\t\t\t\t\t<\/div>\n\t\t\t\t<\/div>\n\t\t\t\t\t<\/div>\n\t\t\t\t<\/div>\n\t\t<div class=\"elementor-element elementor-element-ec6224e e-flex e-con-boxed e-con e-parent\" data-id=\"ec6224e\" data-element_type=\"container\" data-e-type=\"container\">\n\t\t\t\t\t<div class=\"e-con-inner\">\n\t\t\t\t<div class=\"elementor-element elementor-element-9dea86d elementor-grid-3 elementor-grid-tablet-2 elementor-grid-mobile-1 elementor-posts--thumbnail-top elementor-widget elementor-widget-posts\" data-id=\"9dea86d\" data-element_type=\"widget\" data-e-type=\"widget\" data-settings=\"{&quot;classic_row_gap&quot;:{&quot;unit&quot;:&quot;px&quot;,&quot;size&quot;:24,&quot;sizes&quot;:[]},&quot;pagination_type&quot;:&quot;numbers&quot;,&quot;classic_columns&quot;:&quot;3&quot;,&quot;classic_columns_tablet&quot;:&quot;2&quot;,&quot;classic_columns_mobile&quot;:&quot;1&quot;,&quot;classic_row_gap_laptop&quot;:{&quot;unit&quot;:&quot;px&quot;,&quot;size&quot;:&quot;&quot;,&quot;sizes&quot;:[]},&quot;classic_row_gap_tablet&quot;:{&quot;unit&quot;:&quot;px&quot;,&quot;size&quot;:&quot;&quot;,&quot;sizes&quot;:[]},&quot;classic_row_gap_mobile&quot;:{&quot;unit&quot;:&quot;px&quot;,&quot;size&quot;:&quot;&quot;,&quot;sizes&quot;:[]}}\" data-widget_type=\"posts.classic\">\n\t\t\t\t<div class=\"elementor-widget-container\">\n\t\t\t\t\t\t\t<div class=\"elementor-posts-container elementor-posts elementor-posts--skin-classic elementor-grid\" role=\"list\">\n\t\t\t\t<article class=\"elementor-post elementor-grid-item post-3081 post type-post status-publish format-standard has-post-thumbnail hentry category-uncategorized\" role=\"listitem\">\n\t\t\t\t<a class=\"elementor-post__thumbnail__link\" href=\"https:\/\/nadasdent.com\/de\/dr-gabor-bela-szabolcs-interju-foghianytol-a-magabiztos-mosolyig-implantacioval\/\" tabindex=\"-1\" >\n\t\t\t<div class=\"elementor-post__thumbnail\"><img fetchpriority=\"high\" decoding=\"async\" width=\"2048\" height=\"1365\" src=\"https:\/\/nadasdent.com\/wp-content\/uploads\/2025\/05\/web-16-of-24-min.jpg\" class=\"attachment-full size-full wp-image-1915\" alt=\"\" srcset=\"https:\/\/nadasdent.com\/wp-content\/uploads\/2025\/05\/web-16-of-24-min.jpg 2048w, https:\/\/nadasdent.com\/wp-content\/uploads\/2025\/05\/web-16-of-24-min-300x200.jpg 300w, https:\/\/nadasdent.com\/wp-content\/uploads\/2025\/05\/web-16-of-24-min-1024x683.jpg 1024w, https:\/\/nadasdent.com\/wp-content\/uploads\/2025\/05\/web-16-of-24-min-768x512.jpg 768w, https:\/\/nadasdent.com\/wp-content\/uploads\/2025\/05\/web-16-of-24-min-1536x1024.jpg 1536w\" sizes=\"(max-width: 2048px) 100vw, 2048px\" \/><\/div>\n\t\t<\/a>\n\t\t\t\t<div class=\"elementor-post__text\">\n\t\t\t\t<h2 class=\"elementor-post__title\">\n\t\t\t<a href=\"https:\/\/nadasdent.com\/de\/dr-gabor-bela-szabolcs-interju-foghianytol-a-magabiztos-mosolyig-implantacioval\/\" >\n\t\t\t\tDr. B\u00e9la Szabolcs G\u00e1bor B\u00e9la Szabolcs - Interview: Von fehlenden Z\u00e4hnen zu einem selbstbewussten L\u00e4cheln mit Implantaten\t\t\t<\/a>\n\t\t<\/h2>\n\t\t\t\t\t<div class=\"elementor-post__read-more-wrapper\">\n\t\t\n\t\t<a class=\"elementor-post__read-more\" href=\"https:\/\/nadasdent.com\/de\/dr-gabor-bela-szabolcs-interju-foghianytol-a-magabiztos-mosolyig-implantacioval\/\" aria-label=\"Read more about Dr. G\u00e1bor B\u00e9la Szabolcs &#8211; interj\u00fa: Foghi\u00e1nyt\u00f3l a magabiztos mosolyig implant\u00e1ci\u00f3val\" tabindex=\"-1\" >\n\t\t\tTov\u00e1bb olvasom \u2192\t\t<\/a>\n\n\t\t\t\t\t<\/div>\n\t\t\t\t<\/div>\n\t\t\t\t<\/article>\n\t\t\t\t<article class=\"elementor-post elementor-grid-item post-3065 post type-post status-publish format-standard has-post-thumbnail hentry category-uncategorized\" role=\"listitem\">\n\t\t\t\t<a class=\"elementor-post__thumbnail__link\" href=\"https:\/\/nadasdent.com\/de\/neak-finanszirozott-korzeti-fogorvosi-rendeles-fertorakoson\/\" tabindex=\"-1\" >\n\t\t\t<div class=\"elementor-post__thumbnail\"><img decoding=\"async\" width=\"2048\" height=\"1365\" src=\"https:\/\/nadasdent.com\/wp-content\/uploads\/2025\/05\/web-6-of-24-min.jpg\" class=\"attachment-full size-full wp-image-1906\" alt=\"\" srcset=\"https:\/\/nadasdent.com\/wp-content\/uploads\/2025\/05\/web-6-of-24-min.jpg 2048w, https:\/\/nadasdent.com\/wp-content\/uploads\/2025\/05\/web-6-of-24-min-300x200.jpg 300w, https:\/\/nadasdent.com\/wp-content\/uploads\/2025\/05\/web-6-of-24-min-1024x683.jpg 1024w, https:\/\/nadasdent.com\/wp-content\/uploads\/2025\/05\/web-6-of-24-min-768x512.jpg 768w, https:\/\/nadasdent.com\/wp-content\/uploads\/2025\/05\/web-6-of-24-min-1536x1024.jpg 1536w\" sizes=\"(max-width: 2048px) 100vw, 2048px\" \/><\/div>\n\t\t<\/a>\n\t\t\t\t<div class=\"elementor-post__text\">\n\t\t\t\t<h2 class=\"elementor-post__title\">\n\t\t\t<a href=\"https:\/\/nadasdent.com\/de\/neak-finanszirozott-korzeti-fogorvosi-rendeles-fertorakoson\/\" >\n\t\t\t\tNEAK-finanzierte Bezirkszahnarztpraxis in Fert\u0151r\u00e1kos\t\t\t<\/a>\n\t\t<\/h2>\n\t\t\t\t\t<div class=\"elementor-post__read-more-wrapper\">\n\t\t\n\t\t<a class=\"elementor-post__read-more\" href=\"https:\/\/nadasdent.com\/de\/neak-finanszirozott-korzeti-fogorvosi-rendeles-fertorakoson\/\" aria-label=\"Read more about NEAK-finansz\u00edrozott k\u00f6rzeti fogorvosi rendel\u00e9s Fert\u0151r\u00e1koson\" tabindex=\"-1\" >\n\t\t\tTov\u00e1bb olvasom \u2192\t\t<\/a>\n\n\t\t\t\t\t<\/div>\n\t\t\t\t<\/div>\n\t\t\t\t<\/article>\n\t\t\t\t<article class=\"elementor-post elementor-grid-item post-3062 post type-post status-publish format-standard has-post-thumbnail hentry category-uncategorized\" role=\"listitem\">\n\t\t\t\t<a class=\"elementor-post__thumbnail__link\" href=\"https:\/\/nadasdent.com\/de\/fogpotlas-fogaszat-fertorakos-gyor-moson-sopron-varmegye\/\" tabindex=\"-1\" >\n\t\t\t<div class=\"elementor-post__thumbnail\"><img decoding=\"async\" width=\"600\" height=\"458\" src=\"https:\/\/nadasdent.com\/wp-content\/uploads\/2025\/05\/dental-crowns-2101.jpg\" class=\"attachment-full size-full wp-image-3063\" alt=\"Prothetik, Zahnheilkunde Fert\u0151r\u00e1kos (Komitat Gy\u0151r-Moson-Sopron)\" \/><\/div>\n\t\t<\/a>\n\t\t\t\t<div class=\"elementor-post__text\">\n\t\t\t\t<h2 class=\"elementor-post__title\">\n\t\t\t<a href=\"https:\/\/nadasdent.com\/de\/fogpotlas-fogaszat-fertorakos-gyor-moson-sopron-varmegye\/\" >\n\t\t\t\tProthetik, Zahnheilkunde Fert\u0151r\u00e1kos (Komitat Gy\u0151r-Moson-Sopron)\t\t\t<\/a>\n\t\t<\/h2>\n\t\t\t\t\t<div class=\"elementor-post__read-more-wrapper\">\n\t\t\n\t\t<a class=\"elementor-post__read-more\" href=\"https:\/\/nadasdent.com\/de\/fogpotlas-fogaszat-fertorakos-gyor-moson-sopron-varmegye\/\" aria-label=\"Read more about Fogp\u00f3tl\u00e1s, fog\u00e1szat Fert\u0151r\u00e1kos (Gy\u0151r-Moson-Sopron v\u00e1rmegye)\" tabindex=\"-1\" >\n\t\t\tTov\u00e1bb olvasom \u2192\t\t<\/a>\n\n\t\t\t\t\t<\/div>\n\t\t\t\t<\/div>\n\t\t\t\t<\/article>\n\t\t\t\t<article class=\"elementor-post elementor-grid-item post-3059 post type-post status-publish format-standard has-post-thumbnail hentry category-uncategorized\" role=\"listitem\">\n\t\t\t\t<a class=\"elementor-post__thumbnail__link\" href=\"https:\/\/nadasdent.com\/de\/fogtomes-fogaszat-fertorakos-gyor-moson-sopron-varmegye\/\" tabindex=\"-1\" >\n\t\t\t<div class=\"elementor-post__thumbnail\"><img loading=\"lazy\" decoding=\"async\" width=\"3770\" height=\"3000\" src=\"https:\/\/nadasdent.com\/wp-content\/uploads\/2025\/05\/pexels-arvind-philomin-187831830-12148417.jpg\" class=\"attachment-full size-full wp-image-3060\" alt=\"Zahnf\u00fcllung, Zahnmedizin Fert\u0151r\u00e1kos (Komitat Gy\u0151r-Moson-Sopron)\" \/><\/div>\n\t\t<\/a>\n\t\t\t\t<div class=\"elementor-post__text\">\n\t\t\t\t<h2 class=\"elementor-post__title\">\n\t\t\t<a href=\"https:\/\/nadasdent.com\/de\/fogtomes-fogaszat-fertorakos-gyor-moson-sopron-varmegye\/\" >\n\t\t\t\tZahnf\u00fcllung, Zahnmedizin Fert\u0151r\u00e1kos (Komitat Gy\u0151r-Moson-Sopron)\t\t\t<\/a>\n\t\t<\/h2>\n\t\t\t\t\t<div class=\"elementor-post__read-more-wrapper\">\n\t\t\n\t\t<a class=\"elementor-post__read-more\" href=\"https:\/\/nadasdent.com\/de\/fogtomes-fogaszat-fertorakos-gyor-moson-sopron-varmegye\/\" aria-label=\"Read more about Fogt\u00f6m\u00e9s, fog\u00e1szat Fert\u0151r\u00e1kos (Gy\u0151r-Moson-Sopron v\u00e1rmegye)\" tabindex=\"-1\" >\n\t\t\tTov\u00e1bb olvasom \u2192\t\t<\/a>\n\n\t\t\t\t\t<\/div>\n\t\t\t\t<\/div>\n\t\t\t\t<\/article>\n\t\t\t\t<article class=\"elementor-post elementor-grid-item post-3056 post type-post status-publish format-standard has-post-thumbnail hentry category-uncategorized\" role=\"listitem\">\n\t\t\t\t<a class=\"elementor-post__thumbnail__link\" href=\"https:\/\/nadasdent.com\/de\/szajhigienia-fogaszat-fertorakos-gyor-moson-sopron-varmegye\/\" tabindex=\"-1\" >\n\t\t\t<div class=\"elementor-post__thumbnail\"><img loading=\"lazy\" decoding=\"async\" width=\"7360\" height=\"4365\" src=\"https:\/\/nadasdent.com\/wp-content\/uploads\/2025\/05\/pexels-shiny-diamond-3762402.jpg\" class=\"attachment-full size-full wp-image-3057\" alt=\"Mundhygiene, Zahnmedizin Fert\u0151r\u00e1kos (Komitat Gy\u0151r-Moson-Sopron)\" \/><\/div>\n\t\t<\/a>\n\t\t\t\t<div class=\"elementor-post__text\">\n\t\t\t\t<h2 class=\"elementor-post__title\">\n\t\t\t<a href=\"https:\/\/nadasdent.com\/de\/szajhigienia-fogaszat-fertorakos-gyor-moson-sopron-varmegye\/\" >\n\t\t\t\tMundhygiene, Zahnmedizin Fert\u0151r\u00e1kos (Komitat Gy\u0151r-Moson-Sopron)\t\t\t<\/a>\n\t\t<\/h2>\n\t\t\t\t\t<div class=\"elementor-post__read-more-wrapper\">\n\t\t\n\t\t<a class=\"elementor-post__read-more\" href=\"https:\/\/nadasdent.com\/de\/szajhigienia-fogaszat-fertorakos-gyor-moson-sopron-varmegye\/\" aria-label=\"Read more about Sz\u00e1jhigi\u00e9nia, fog\u00e1szat Fert\u0151r\u00e1kos (Gy\u0151r-Moson-Sopron v\u00e1rmegye)\" tabindex=\"-1\" >\n\t\t\tTov\u00e1bb olvasom \u2192\t\t<\/a>\n\n\t\t\t\t\t<\/div>\n\t\t\t\t<\/div>\n\t\t\t\t<\/article>\n\t\t\t\t<article class=\"elementor-post elementor-grid-item post-3051 post type-post status-publish format-standard has-post-thumbnail hentry category-uncategorized\" role=\"listitem\">\n\t\t\t\t<a class=\"elementor-post__thumbnail__link\" href=\"https:\/\/nadasdent.com\/de\/gyokerkezeles-fogaszat-fertorakos-gyor-moson-sopron-varmegye\/\" tabindex=\"-1\" >\n\t\t\t<div class=\"elementor-post__thumbnail\"><img loading=\"lazy\" decoding=\"async\" width=\"1440\" height=\"960\" src=\"https:\/\/nadasdent.com\/wp-content\/uploads\/2025\/05\/Root-Canal-Treatment.jpeg\" class=\"attachment-full size-full wp-image-3054\" alt=\"Wurzelkanalbehandlung, Zahnmedizin Fert\u0151r\u00e1kos (Komitat Gy\u0151r-Moson-Sopron)\" \/><\/div>\n\t\t<\/a>\n\t\t\t\t<div class=\"elementor-post__text\">\n\t\t\t\t<h2 class=\"elementor-post__title\">\n\t\t\t<a href=\"https:\/\/nadasdent.com\/de\/gyokerkezeles-fogaszat-fertorakos-gyor-moson-sopron-varmegye\/\" >\n\t\t\t\tWurzelkanalbehandlung, Zahnmedizin Fert\u0151r\u00e1kos (Komitat Gy\u0151r-Moson-Sopron)\t\t\t<\/a>\n\t\t<\/h2>\n\t\t\t\t\t<div class=\"elementor-post__read-more-wrapper\">\n\t\t\n\t\t<a class=\"elementor-post__read-more\" href=\"https:\/\/nadasdent.com\/de\/gyokerkezeles-fogaszat-fertorakos-gyor-moson-sopron-varmegye\/\" aria-label=\"Read more about Gy\u00f6k\u00e9rkezel\u00e9s, fog\u00e1szat Fert\u0151r\u00e1kos (Gy\u0151r-Moson-Sopron v\u00e1rmegye)\" tabindex=\"-1\" >\n\t\t\tTov\u00e1bb olvasom \u2192\t\t<\/a>\n\n\t\t\t\t\t<\/div>\n\t\t\t\t<\/div>\n\t\t\t\t<\/article>\n\t\t\t\t<article class=\"elementor-post elementor-grid-item post-395 post type-post status-publish format-standard has-post-thumbnail hentry category-uncategorized\" role=\"listitem\">\n\t\t\t\t<a class=\"elementor-post__thumbnail__link\" href=\"https:\/\/nadasdent.com\/de\/a-hianyzo-fogak-potlasa-fogimplantatum-es-fogaszat-fertorakos-gyor-moson-sopron-varmegye\/\" tabindex=\"-1\" >\n\t\t\t<div class=\"elementor-post__thumbnail\"><img loading=\"lazy\" decoding=\"async\" width=\"750\" height=\"430\" src=\"https:\/\/nadasdent.com\/wp-content\/uploads\/2025\/05\/All-on-4.jpg\" class=\"attachment-full size-full wp-image-2176\" alt=\"\" \/><\/div>\n\t\t<\/a>\n\t\t\t\t<div class=\"elementor-post__text\">\n\t\t\t\t<h2 class=\"elementor-post__title\">\n\t\t\t<a href=\"https:\/\/nadasdent.com\/de\/a-hianyzo-fogak-potlasa-fogimplantatum-es-fogaszat-fertorakos-gyor-moson-sopron-varmegye\/\" >\n\t\t\t\tErsatz von fehlenden Z\u00e4hnen, Zahnimplantate und Zahnmedizin in Fert\u0151r\u00e1kos (Gy\u0151r-Moson-Sopron)\t\t\t<\/a>\n\t\t<\/h2>\n\t\t\t\t\t<div class=\"elementor-post__read-more-wrapper\">\n\t\t\n\t\t<a class=\"elementor-post__read-more\" href=\"https:\/\/nadasdent.com\/de\/a-hianyzo-fogak-potlasa-fogimplantatum-es-fogaszat-fertorakos-gyor-moson-sopron-varmegye\/\" aria-label=\"Read more about A hi\u00e1nyz\u00f3 fogak p\u00f3tl\u00e1sa, fogimplant\u00e1tum \u00e9s fog\u00e1szat Fert\u0151r\u00e1kos (Gy\u0151r-Moson-Sopron v\u00e1rmegye)\" tabindex=\"-1\" >\n\t\t\tTov\u00e1bb olvasom \u2192\t\t<\/a>\n\n\t\t\t\t\t<\/div>\n\t\t\t\t<\/div>\n\t\t\t\t<\/article>\n\t\t\t\t<\/div>\n\t\t\n\t\t\t\t\t\t<\/div>\n\t\t\t\t<\/div>\n\t\t\t\t\t<\/div>\n\t\t\t\t<\/div>\n\t\t\t\t<\/div>","protected":false},"excerpt":{"rendered":"<p>Blog Tekintse meg leg\u00fajabb bejegyz\u00e9seinket<\/p>","protected":false},"author":2,"featured_media":0,"parent":0,"menu_order":0,"comment_status":"closed","ping_status":"closed","template":"","meta":{"footnotes":""},"class_list":["post-604","page","type-page","status-publish","hentry"],"yoast_head":"<!-- This site is optimized with the Yoast SEO plugin v27.3 - https:\/\/yoast.com\/product\/yoast-seo-wordpress\/ -->\n<title>N\u00e1das Fog\u00e1szat - Blog<\/title>\n<meta name=\"description\" content=\"Olvassa el szakmai blogunkat: fog\u00e1szati tippek, innov\u00e1ci\u00f3k az implantol\u00f3gi\u00e1ban, 3D tervez\u00e9s, All-on-X esettanulm\u00e1nyok \u00e9s rendel\u0151i h\u00edrek.\" \/>\n<meta name=\"robots\" content=\"index, follow, max-snippet:-1, max-image-preview:large, max-video-preview:-1\" \/>\n<link rel=\"canonical\" href=\"https:\/\/nadasdent.com\/de\/blog\/\" \/>\n<meta property=\"og:locale\" content=\"de_DE\" \/>\n<meta property=\"og:type\" content=\"article\" \/>\n<meta property=\"og:title\" content=\"N\u00e1das Fog\u00e1szat - Blog\" \/>\n<meta property=\"og:description\" content=\"Olvassa el szakmai blogunkat: fog\u00e1szati tippek, innov\u00e1ci\u00f3k az implantol\u00f3gi\u00e1ban, 3D tervez\u00e9s, All-on-X esettanulm\u00e1nyok \u00e9s rendel\u0151i h\u00edrek.\" \/>\n<meta property=\"og:url\" content=\"https:\/\/nadasdent.com\/de\/blog\/\" \/>\n<meta property=\"og:site_name\" content=\"N\u00e1das Fog\u00e1szat\" \/>\n<meta property=\"article:publisher\" content=\"https:\/\/www.facebook.com\/profile.php?id=61574127920118\" \/>\n<meta property=\"article:modified_time\" content=\"2025-05-14T13:16:49+00:00\" \/>\n<meta name=\"twitter:card\" content=\"summary_large_image\" \/>\n<meta name=\"twitter:label1\" content=\"Gesch\u00e4tzte Lesezeit\" \/>\n\t<meta name=\"twitter:data1\" content=\"2\u00a0Minuten\" \/>\n<script type=\"application\/ld+json\" class=\"yoast-schema-graph\">{\"@context\":\"https:\\\/\\\/schema.org\",\"@graph\":[{\"@type\":\"WebPage\",\"@id\":\"https:\\\/\\\/nadasdent.com\\\/blog\\\/\",\"url\":\"https:\\\/\\\/nadasdent.com\\\/blog\\\/\",\"name\":\"N\u00e1das Fog\u00e1szat - Blog\",\"isPartOf\":{\"@id\":\"https:\\\/\\\/nadasdent.com\\\/#website\"},\"datePublished\":\"2025-04-21T14:42:07+00:00\",\"dateModified\":\"2025-05-14T13:16:49+00:00\",\"description\":\"Olvassa el szakmai blogunkat: fog\u00e1szati tippek, innov\u00e1ci\u00f3k az implantol\u00f3gi\u00e1ban, 3D tervez\u00e9s, All-on-X esettanulm\u00e1nyok \u00e9s rendel\u0151i h\u00edrek.\",\"breadcrumb\":{\"@id\":\"https:\\\/\\\/nadasdent.com\\\/blog\\\/#breadcrumb\"},\"inLanguage\":\"de\",\"potentialAction\":[{\"@type\":\"ReadAction\",\"target\":[\"https:\\\/\\\/nadasdent.com\\\/blog\\\/\"]}]},{\"@type\":\"BreadcrumbList\",\"@id\":\"https:\\\/\\\/nadasdent.com\\\/blog\\\/#breadcrumb\",\"itemListElement\":[{\"@type\":\"ListItem\",\"position\":1,\"name\":\"Kezd\u0151lap\",\"item\":\"https:\\\/\\\/nadasdent.com\\\/\"},{\"@type\":\"ListItem\",\"position\":2,\"name\":\"Blog\"}]},{\"@type\":\"WebSite\",\"@id\":\"https:\\\/\\\/nadasdent.com\\\/#website\",\"url\":\"https:\\\/\\\/nadasdent.com\\\/\",\"name\":\"N\u00e1das Fog\u00e1szat\",\"description\":\"\",\"publisher\":{\"@id\":\"https:\\\/\\\/nadasdent.com\\\/#organization\"},\"potentialAction\":[{\"@type\":\"SearchAction\",\"target\":{\"@type\":\"EntryPoint\",\"urlTemplate\":\"https:\\\/\\\/nadasdent.com\\\/?s={search_term_string}\"},\"query-input\":{\"@type\":\"PropertyValueSpecification\",\"valueRequired\":true,\"valueName\":\"search_term_string\"}}],\"inLanguage\":\"de\"},{\"@type\":\"Organization\",\"@id\":\"https:\\\/\\\/nadasdent.com\\\/#organization\",\"name\":\"N\u00e1das Fog\u00e1szat\",\"url\":\"https:\\\/\\\/nadasdent.com\\\/\",\"logo\":{\"@type\":\"ImageObject\",\"inLanguage\":\"de\",\"@id\":\"https:\\\/\\\/nadasdent.com\\\/#\\\/schema\\\/logo\\\/image\\\/\",\"url\":\"https:\\\/\\\/nadasdent.com\\\/wp-content\\\/uploads\\\/2025\\\/05\\\/footer-logo.png\",\"contentUrl\":\"https:\\\/\\\/nadasdent.com\\\/wp-content\\\/uploads\\\/2025\\\/05\\\/footer-logo.png\",\"width\":805,\"height\":310,\"caption\":\"N\u00e1das Fog\u00e1szat\"},\"image\":{\"@id\":\"https:\\\/\\\/nadasdent.com\\\/#\\\/schema\\\/logo\\\/image\\\/\"},\"sameAs\":[\"https:\\\/\\\/www.facebook.com\\\/profile.php?id=61574127920118\"]}]}<\/script>\n<!-- \/ Yoast SEO plugin. -->","yoast_head_json":{"title":"N\u00e1das Zahnmedizin - Blog","description":"Lesen Sie unseren Fachblog: Zahn\u00e4rztliche Tipps, Innovationen in der Implantologie, 3D-Design, All-on-X-Fallstudien und Praxisnachrichten.","robots":{"index":"index","follow":"follow","max-snippet":"max-snippet:-1","max-image-preview":"max-image-preview:large","max-video-preview":"max-video-preview:-1"},"canonical":"https:\/\/nadasdent.com\/de\/blog\/","og_locale":"de_DE","og_type":"article","og_title":"N\u00e1das Fog\u00e1szat - Blog","og_description":"Olvassa el szakmai blogunkat: fog\u00e1szati tippek, innov\u00e1ci\u00f3k az implantol\u00f3gi\u00e1ban, 3D tervez\u00e9s, All-on-X esettanulm\u00e1nyok \u00e9s rendel\u0151i h\u00edrek.","og_url":"https:\/\/nadasdent.com\/de\/blog\/","og_site_name":"N\u00e1das Fog\u00e1szat","article_publisher":"https:\/\/www.facebook.com\/profile.php?id=61574127920118","article_modified_time":"2025-05-14T13:16:49+00:00","twitter_card":"summary_large_image","twitter_misc":{"Gesch\u00e4tzte Lesezeit":"2\u00a0Minuten"},"schema":{"@context":"https:\/\/schema.org","@graph":[{"@type":"WebPage","@id":"https:\/\/nadasdent.com\/blog\/","url":"https:\/\/nadasdent.com\/blog\/","name":"N\u00e1das Zahnmedizin - Blog","isPartOf":{"@id":"https:\/\/nadasdent.com\/#website"},"datePublished":"2025-04-21T14:42:07+00:00","dateModified":"2025-05-14T13:16:49+00:00","description":"Lesen Sie unseren Fachblog: Zahn\u00e4rztliche Tipps, Innovationen in der Implantologie, 3D-Design, All-on-X-Fallstudien und Praxisnachrichten.","breadcrumb":{"@id":"https:\/\/nadasdent.com\/blog\/#breadcrumb"},"inLanguage":"de","potentialAction":[{"@type":"ReadAction","target":["https:\/\/nadasdent.com\/blog\/"]}]},{"@type":"BreadcrumbList","@id":"https:\/\/nadasdent.com\/blog\/#breadcrumb","itemListElement":[{"@type":"ListItem","position":1,"name":"Kezd\u0151lap","item":"https:\/\/nadasdent.com\/"},{"@type":"ListItem","position":2,"name":"Blog"}]},{"@type":"WebSite","@id":"https:\/\/nadasdent.com\/#website","url":"https:\/\/nadasdent.com\/","name":"N\u00e1das Zahnmedizin","description":"","publisher":{"@id":"https:\/\/nadasdent.com\/#organization"},"potentialAction":[{"@type":"SearchAction","target":{"@type":"EntryPoint","urlTemplate":"https:\/\/nadasdent.com\/?s={search_term_string}"},"query-input":{"@type":"PropertyValueSpecification","valueRequired":true,"valueName":"search_term_string"}}],"inLanguage":"de"},{"@type":"Organization","@id":"https:\/\/nadasdent.com\/#organization","name":"N\u00e1das Zahnmedizin","url":"https:\/\/nadasdent.com\/","logo":{"@type":"ImageObject","inLanguage":"de","@id":"https:\/\/nadasdent.com\/#\/schema\/logo\/image\/","url":"https:\/\/nadasdent.com\/wp-content\/uploads\/2025\/05\/footer-logo.png","contentUrl":"https:\/\/nadasdent.com\/wp-content\/uploads\/2025\/05\/footer-logo.png","width":805,"height":310,"caption":"N\u00e1das Fog\u00e1szat"},"image":{"@id":"https:\/\/nadasdent.com\/#\/schema\/logo\/image\/"},"sameAs":["https:\/\/www.facebook.com\/profile.php?id=61574127920118"]}]}},"_links":{"self":[{"href":"https:\/\/nadasdent.com\/de\/wp-json\/wp\/v2\/pages\/604","targetHints":{"allow":["GET"]}}],"collection":[{"href":"https:\/\/nadasdent.com\/de\/wp-json\/wp\/v2\/pages"}],"about":[{"href":"https:\/\/nadasdent.com\/de\/wp-json\/wp\/v2\/types\/page"}],"author":[{"embeddable":true,"href":"https:\/\/nadasdent.com\/de\/wp-json\/wp\/v2\/users\/2"}],"replies":[{"embeddable":true,"href":"https:\/\/nadasdent.com\/de\/wp-json\/wp\/v2\/comments?post=604"}],"version-history":[{"count":0,"href":"https:\/\/nadasdent.com\/de\/wp-json\/wp\/v2\/pages\/604\/revisions"}],"wp:attachment":[{"href":"https:\/\/nadasdent.com\/de\/wp-json\/wp\/v2\/media?parent=604"}],"curies":[{"name":"wp","href":"https:\/\/api.w.org\/{rel}","templated":true}]}}